{"id":71,"date":"2025-02-21T14:54:34","date_gmt":"2025-02-21T13:54:34","guid":{"rendered":"https:\/\/civilut.hu\/?page_id=71"},"modified":"2026-04-16T22:46:27","modified_gmt":"2026-04-16T20:46:27","slug":"adatkezelesi-tajekoztato","status":"publish","type":"page","link":"https:\/\/civilut.hu\/?page_id=71","title":{"rendered":"Adatkezel\u00e9si T\u00e1j\u00e9koztat\u00f3"},"content":{"rendered":"","protected":false},"excerpt":{"rendered":"","protected":false},"author":52,"featured_media":0,"parent":0,"menu_order":2,"comment_status":"closed","ping_status":"closed","template":"","meta":{"_acf_changed":false,"iawp_total_views":1,"footnotes":""},"class_list":["post-71","page","type-page","status-publish","hentry"],"acf":[],"_links":{"self":[{"href":"https:\/\/civilut.hu\/index.php?rest_route=\/wp\/v2\/pages\/71","targetHints":{"allow":["GET"]}}],"collection":[{"href":"https:\/\/civilut.hu\/index.php?rest_route=\/wp\/v2\/pages"}],"about":[{"href":"https:\/\/civilut.hu\/index.php?rest_route=\/wp\/v2\/types\/page"}],"author":[{"embeddable":true,"href":"https:\/\/civilut.hu\/index.php?rest_route=\/wp\/v2\/users\/52"}],"replies":[{"embeddable":true,"href":"https:\/\/civilut.hu\/index.php?rest_route=%2Fwp%2Fv2%2Fcomments&post=71"}],"version-history":[{"count":3,"href":"https:\/\/civilut.hu\/index.php?rest_route=\/wp\/v2\/pages\/71\/revisions"}],"predecessor-version":[{"id":7178,"href":"https:\/\/civilut.hu\/index.php?rest_route=\/wp\/v2\/pages\/71\/revisions\/7178"}],"wp:attachment":[{"href":"https:\/\/civilut.hu\/index.php?rest_route=%2Fwp%2Fv2%2Fmedia&parent=71"}],"curies":[{"name":"wp","href":"https:\/\/api.w.org\/{rel}","templated":true}]}}