{"id":2042,"date":"2026-03-26T17:36:49","date_gmt":"2026-03-26T16:36:49","guid":{"rendered":"https:\/\/civilut.hu\/?page_id=2042"},"modified":"2026-03-26T17:37:57","modified_gmt":"2026-03-26T16:37:57","slug":"jatekszabalyzat","status":"publish","type":"page","link":"https:\/\/civilut.hu\/?page_id=2042","title":{"rendered":"J\u00e1t\u00e9kszab\u00e1lyzat"},"content":{"rendered":"","protected":false},"excerpt":{"rendered":"","protected":false},"author":52,"featured_media":0,"parent":0,"menu_order":2,"comment_status":"closed","ping_status":"closed","template":"","meta":{"_acf_changed":false,"iawp_total_views":3,"footnotes":""},"class_list":["post-2042","page","type-page","status-publish","hentry"],"acf":[],"_links":{"self":[{"href":"https:\/\/civilut.hu\/index.php?rest_route=\/wp\/v2\/pages\/2042","targetHints":{"allow":["GET"]}}],"collection":[{"href":"https:\/\/civilut.hu\/index.php?rest_route=\/wp\/v2\/pages"}],"about":[{"href":"https:\/\/civilut.hu\/index.php?rest_route=\/wp\/v2\/types\/page"}],"author":[{"embeddable":true,"href":"https:\/\/civilut.hu\/index.php?rest_route=\/wp\/v2\/users\/52"}],"replies":[{"embeddable":true,"href":"https:\/\/civilut.hu\/index.php?rest_route=%2Fwp%2Fv2%2Fcomments&post=2042"}],"version-history":[{"count":2,"href":"https:\/\/civilut.hu\/index.php?rest_route=\/wp\/v2\/pages\/2042\/revisions"}],"predecessor-version":[{"id":2044,"href":"https:\/\/civilut.hu\/index.php?rest_route=\/wp\/v2\/pages\/2042\/revisions\/2044"}],"wp:attachment":[{"href":"https:\/\/civilut.hu\/index.php?rest_route=%2Fwp%2Fv2%2Fmedia&parent=2042"}],"curies":[{"name":"wp","href":"https:\/\/api.w.org\/{rel}","templated":true}]}}