{"id":2039,"date":"2026-03-26T17:35:44","date_gmt":"2026-03-26T16:35:44","guid":{"rendered":"https:\/\/civilut.hu\/?page_id=2039"},"modified":"2026-03-27T12:06:33","modified_gmt":"2026-03-27T11:06:33","slug":"felnottkepzesi-portfolio","status":"publish","type":"page","link":"https:\/\/civilut.hu\/?page_id=2039","title":{"rendered":"Feln\u0151ttk\u00e9pz\u00e9si portf\u00f3li\u00f3"},"content":{"rendered":"","protected":false},"excerpt":{"rendered":"","protected":false},"author":52,"featured_media":0,"parent":0,"menu_order":2,"comment_status":"closed","ping_status":"closed","template":"","meta":{"_acf_changed":false,"iawp_total_views":6,"footnotes":""},"class_list":["post-2039","page","type-page","status-publish","hentry"],"acf":[],"_links":{"self":[{"href":"https:\/\/civilut.hu\/index.php?rest_route=\/wp\/v2\/pages\/2039","targetHints":{"allow":["GET"]}}],"collection":[{"href":"https:\/\/civilut.hu\/index.php?rest_route=\/wp\/v2\/pages"}],"about":[{"href":"https:\/\/civilut.hu\/index.php?rest_route=\/wp\/v2\/types\/page"}],"author":[{"embeddable":true,"href":"https:\/\/civilut.hu\/index.php?rest_route=\/wp\/v2\/users\/52"}],"replies":[{"embeddable":true,"href":"https:\/\/civilut.hu\/index.php?rest_route=%2Fwp%2Fv2%2Fcomments&post=2039"}],"version-history":[{"count":3,"href":"https:\/\/civilut.hu\/index.php?rest_route=\/wp\/v2\/pages\/2039\/revisions"}],"predecessor-version":[{"id":5969,"href":"https:\/\/civilut.hu\/index.php?rest_route=\/wp\/v2\/pages\/2039\/revisions\/5969"}],"wp:attachment":[{"href":"https:\/\/civilut.hu\/index.php?rest_route=%2Fwp%2Fv2%2Fmedia&parent=2039"}],"curies":[{"name":"wp","href":"https:\/\/api.w.org\/{rel}","templated":true}]}}