{"id":1082,"date":"2025-03-10T09:36:32","date_gmt":"2025-03-10T08:36:32","guid":{"rendered":"https:\/\/civilut.hu\/?page_id=1082"},"modified":"2026-03-26T21:45:14","modified_gmt":"2026-03-26T20:45:14","slug":"egyuttmukodo-partnereink","status":"publish","type":"page","link":"https:\/\/civilut.hu\/?page_id=1082","title":{"rendered":"Egy\u00fcttm\u0171k\u00f6d\u0151 partnereink"},"content":{"rendered":"","protected":false},"excerpt":{"rendered":"","protected":false},"author":52,"featured_media":0,"parent":0,"menu_order":14,"comment_status":"closed","ping_status":"closed","template":"","meta":{"_acf_changed":false,"iawp_total_views":12,"footnotes":""},"class_list":["post-1082","page","type-page","status-publish","hentry"],"acf":[],"_links":{"self":[{"href":"https:\/\/civilut.hu\/index.php?rest_route=\/wp\/v2\/pages\/1082","targetHints":{"allow":["GET"]}}],"collection":[{"href":"https:\/\/civilut.hu\/index.php?rest_route=\/wp\/v2\/pages"}],"about":[{"href":"https:\/\/civilut.hu\/index.php?rest_route=\/wp\/v2\/types\/page"}],"author":[{"embeddable":true,"href":"https:\/\/civilut.hu\/index.php?rest_route=\/wp\/v2\/users\/52"}],"replies":[{"embeddable":true,"href":"https:\/\/civilut.hu\/index.php?rest_route=%2Fwp%2Fv2%2Fcomments&post=1082"}],"version-history":[{"count":9,"href":"https:\/\/civilut.hu\/index.php?rest_route=\/wp\/v2\/pages\/1082\/revisions"}],"predecessor-version":[{"id":2091,"href":"https:\/\/civilut.hu\/index.php?rest_route=\/wp\/v2\/pages\/1082\/revisions\/2091"}],"wp:attachment":[{"href":"https:\/\/civilut.hu\/index.php?rest_route=%2Fwp%2Fv2%2Fmedia&parent=1082"}],"curies":[{"name":"wp","href":"https:\/\/api.w.org\/{rel}","templated":true}]}}