{"id":1062,"date":"2025-03-10T09:34:26","date_gmt":"2025-03-10T08:34:26","guid":{"rendered":"https:\/\/civilut.hu\/?page_id=1062"},"modified":"2026-03-26T17:55:53","modified_gmt":"2026-03-26T16:55:53","slug":"kuldetes-ertekek-celok","status":"publish","type":"page","link":"https:\/\/civilut.hu\/?page_id=1062","title":{"rendered":"K\u00fcldet\u00e9s, \u00e9rt\u00e9kek, c\u00e9lok"},"content":{"rendered":"","protected":false},"excerpt":{"rendered":"","protected":false},"author":52,"featured_media":0,"parent":0,"menu_order":4,"comment_status":"closed","ping_status":"closed","template":"","meta":{"_acf_changed":false,"iawp_total_views":29,"footnotes":""},"class_list":["post-1062","page","type-page","status-publish","hentry"],"acf":[],"_links":{"self":[{"href":"https:\/\/civilut.hu\/index.php?rest_route=\/wp\/v2\/pages\/1062","targetHints":{"allow":["GET"]}}],"collection":[{"href":"https:\/\/civilut.hu\/index.php?rest_route=\/wp\/v2\/pages"}],"about":[{"href":"https:\/\/civilut.hu\/index.php?rest_route=\/wp\/v2\/types\/page"}],"author":[{"embeddable":true,"href":"https:\/\/civilut.hu\/index.php?rest_route=\/wp\/v2\/users\/52"}],"replies":[{"embeddable":true,"href":"https:\/\/civilut.hu\/index.php?rest_route=%2Fwp%2Fv2%2Fcomments&post=1062"}],"version-history":[{"count":16,"href":"https:\/\/civilut.hu\/index.php?rest_route=\/wp\/v2\/pages\/1062\/revisions"}],"predecessor-version":[{"id":2050,"href":"https:\/\/civilut.hu\/index.php?rest_route=\/wp\/v2\/pages\/1062\/revisions\/2050"}],"wp:attachment":[{"href":"https:\/\/civilut.hu\/index.php?rest_route=%2Fwp%2Fv2%2Fmedia&parent=1062"}],"curies":[{"name":"wp","href":"https:\/\/api.w.org\/{rel}","templated":true}]}}